{"id":662,"date":"2018-03-09T17:08:20","date_gmt":"2018-03-09T20:08:20","guid":{"rendered":"http:\/\/ubanews.com\/site\/?page_id=662"},"modified":"2018-03-09T17:08:20","modified_gmt":"2018-03-09T20:08:20","slug":"horario-de-onibus","status":"publish","type":"page","link":"https:\/\/ubanews.com\/site\/horario-de-onibus\/","title":{"rendered":"Hor\u00e1rio de \u00d4nibus"},"content":{"rendered":"<p><img decoding=\"async\" class=\"alignnone size-full wp-image-663 lazyload\" data-src=\"https:\/\/ubanews.com\/site\/wp-content\/uploads\/2018\/03\/1-14.jpg\" alt=\"\" width=\"1241\" height=\"886\" data-srcset=\"https:\/\/ubanews.com\/site\/wp-content\/uploads\/2018\/03\/1-14.jpg 800w, https:\/\/ubanews.com\/site\/wp-content\/uploads\/2018\/03\/1-14-300x214.jpg 300w, https:\/\/ubanews.com\/site\/wp-content\/uploads\/2018\/03\/1-14-768x548.jpg 768w, https:\/\/ubanews.com\/site\/wp-content\/uploads\/2018\/03\/1-14-1024x731.jpg 1024w\" data-sizes=\"(max-width: 1241px) 100vw, 1241px\" src=\"data:image\/svg+xml;base64,PHN2ZyB3aWR0aD0iMSIgaGVpZ2h0PSIxIiB4bWxucz0iaHR0cDovL3d3dy53My5vcmcvMjAwMC9zdmciPjwvc3ZnPg==\" style=\"--smush-placeholder-width: 1241px; --smush-placeholder-aspect-ratio: 1241\/886;\" \/> <img decoding=\"async\" class=\"alignnone size-full wp-image-664 lazyload\" data-src=\"https:\/\/ubanews.com\/site\/wp-content\/uploads\/2018\/03\/2-12.jpg\" alt=\"\" width=\"1241\" height=\"886\" data-srcset=\"https:\/\/ubanews.com\/site\/wp-content\/uploads\/2018\/03\/2-12.jpg 800w, https:\/\/ubanews.com\/site\/wp-content\/uploads\/2018\/03\/2-12-300x214.jpg 300w, https:\/\/ubanews.com\/site\/wp-content\/uploads\/2018\/03\/2-12-768x548.jpg 768w, https:\/\/ubanews.com\/site\/wp-content\/uploads\/2018\/03\/2-12-1024x731.jpg 1024w\" data-sizes=\"(max-width: 1241px) 100vw, 1241px\" src=\"data:image\/svg+xml;base64,PHN2ZyB3aWR0aD0iMSIgaGVpZ2h0PSIxIiB4bWxucz0iaHR0cDovL3d3dy53My5vcmcvMjAwMC9zdmciPjwvc3ZnPg==\" style=\"--smush-placeholder-width: 1241px; --smush-placeholder-aspect-ratio: 1241\/886;\" \/> <img decoding=\"async\" class=\"alignnone size-full wp-image-665 lazyload\" data-src=\"https:\/\/ubanews.com\/site\/wp-content\/uploads\/2018\/03\/3-12.jpg\" alt=\"\" width=\"1241\" height=\"886\" data-srcset=\"https:\/\/ubanews.com\/site\/wp-content\/uploads\/2018\/03\/3-12.jpg 800w, https:\/\/ubanews.com\/site\/wp-content\/uploads\/2018\/03\/3-12-300x214.jpg 300w, https:\/\/ubanews.com\/site\/wp-content\/uploads\/2018\/03\/3-12-768x548.jpg 768w, https:\/\/ubanews.com\/site\/wp-content\/uploads\/2018\/03\/3-12-1024x731.jpg 1024w\" data-sizes=\"(max-width: 1241px) 100vw, 1241px\" src=\"data:image\/svg+xml;base64,PHN2ZyB3aWR0aD0iMSIgaGVpZ2h0PSIxIiB4bWxucz0iaHR0cDovL3d3dy53My5vcmcvMjAwMC9zdmciPjwvc3ZnPg==\" style=\"--smush-placeholder-width: 1241px; --smush-placeholder-aspect-ratio: 1241\/886;\" \/> <img decoding=\"async\" class=\"alignnone size-full wp-image-666 lazyload\" data-src=\"https:\/\/ubanews.com\/site\/wp-content\/uploads\/2018\/03\/4-11.jpg\" alt=\"\" width=\"1241\" height=\"886\" data-srcset=\"https:\/\/ubanews.com\/site\/wp-content\/uploads\/2018\/03\/4-11.jpg 800w, https:\/\/ubanews.com\/site\/wp-content\/uploads\/2018\/03\/4-11-300x214.jpg 300w, https:\/\/ubanews.com\/site\/wp-content\/uploads\/2018\/03\/4-11-768x548.jpg 768w, https:\/\/ubanews.com\/site\/wp-content\/uploads\/2018\/03\/4-11-1024x731.jpg 1024w\" data-sizes=\"(max-width: 1241px) 100vw, 1241px\" src=\"data:image\/svg+xml;base64,PHN2ZyB3aWR0aD0iMSIgaGVpZ2h0PSIxIiB4bWxucz0iaHR0cDovL3d3dy53My5vcmcvMjAwMC9zdmciPjwvc3ZnPg==\" style=\"--smush-placeholder-width: 1241px; --smush-placeholder-aspect-ratio: 1241\/886;\" \/> <img decoding=\"async\" class=\"alignnone size-full wp-image-667 lazyload\" data-src=\"https:\/\/ubanews.com\/site\/wp-content\/uploads\/2018\/03\/5-10.jpg\" alt=\"\" width=\"1241\" height=\"886\" data-srcset=\"https:\/\/ubanews.com\/site\/wp-content\/uploads\/2018\/03\/5-10.jpg 800w, https:\/\/ubanews.com\/site\/wp-content\/uploads\/2018\/03\/5-10-300x214.jpg 300w, https:\/\/ubanews.com\/site\/wp-content\/uploads\/2018\/03\/5-10-768x548.jpg 768w, https:\/\/ubanews.com\/site\/wp-content\/uploads\/2018\/03\/5-10-1024x731.jpg 1024w\" data-sizes=\"(max-width: 1241px) 100vw, 1241px\" src=\"data:image\/svg+xml;base64,PHN2ZyB3aWR0aD0iMSIgaGVpZ2h0PSIxIiB4bWxucz0iaHR0cDovL3d3dy53My5vcmcvMjAwMC9zdmciPjwvc3ZnPg==\" style=\"--smush-placeholder-width: 1241px; --smush-placeholder-aspect-ratio: 1241\/886;\" \/> <img decoding=\"async\" class=\"alignnone size-full wp-image-668 lazyload\" data-src=\"https:\/\/ubanews.com\/site\/wp-content\/uploads\/2018\/03\/6-10.jpg\" alt=\"\" width=\"1241\" height=\"886\" data-srcset=\"https:\/\/ubanews.com\/site\/wp-content\/uploads\/2018\/03\/6-10.jpg 800w, https:\/\/ubanews.com\/site\/wp-content\/uploads\/2018\/03\/6-10-300x214.jpg 300w, https:\/\/ubanews.com\/site\/wp-content\/uploads\/2018\/03\/6-10-768x548.jpg 768w, https:\/\/ubanews.com\/site\/wp-content\/uploads\/2018\/03\/6-10-1024x731.jpg 1024w\" data-sizes=\"(max-width: 1241px) 100vw, 1241px\" src=\"data:image\/svg+xml;base64,PHN2ZyB3aWR0aD0iMSIgaGVpZ2h0PSIxIiB4bWxucz0iaHR0cDovL3d3dy53My5vcmcvMjAwMC9zdmciPjwvc3ZnPg==\" style=\"--smush-placeholder-width: 1241px; --smush-placeholder-aspect-ratio: 1241\/886;\" \/> <img decoding=\"async\" class=\"alignnone size-full wp-image-669 lazyload\" data-src=\"https:\/\/ubanews.com\/site\/wp-content\/uploads\/2018\/03\/7-7.jpg\" alt=\"\" width=\"1241\" height=\"886\" data-srcset=\"https:\/\/ubanews.com\/site\/wp-content\/uploads\/2018\/03\/7-7.jpg 800w, https:\/\/ubanews.com\/site\/wp-content\/uploads\/2018\/03\/7-7-300x214.jpg 300w, https:\/\/ubanews.com\/site\/wp-content\/uploads\/2018\/03\/7-7-768x548.jpg 768w, https:\/\/ubanews.com\/site\/wp-content\/uploads\/2018\/03\/7-7-1024x731.jpg 1024w\" data-sizes=\"(max-width: 1241px) 100vw, 1241px\" src=\"data:image\/svg+xml;base64,PHN2ZyB3aWR0aD0iMSIgaGVpZ2h0PSIxIiB4bWxucz0iaHR0cDovL3d3dy53My5vcmcvMjAwMC9zdmciPjwvc3ZnPg==\" style=\"--smush-placeholder-width: 1241px; --smush-placeholder-aspect-ratio: 1241\/886;\" \/> <img decoding=\"async\" class=\"alignnone size-full wp-image-670 lazyload\" data-src=\"https:\/\/ubanews.com\/site\/wp-content\/uploads\/2018\/03\/8-8.jpg\" alt=\"\" width=\"1241\" height=\"886\" data-srcset=\"https:\/\/ubanews.com\/site\/wp-content\/uploads\/2018\/03\/8-8.jpg 800w, https:\/\/ubanews.com\/site\/wp-content\/uploads\/2018\/03\/8-8-300x214.jpg 300w, https:\/\/ubanews.com\/site\/wp-content\/uploads\/2018\/03\/8-8-768x548.jpg 768w, https:\/\/ubanews.com\/site\/wp-content\/uploads\/2018\/03\/8-8-1024x731.jpg 1024w\" data-sizes=\"(max-width: 1241px) 100vw, 1241px\" src=\"data:image\/svg+xml;base64,PHN2ZyB3aWR0aD0iMSIgaGVpZ2h0PSIxIiB4bWxucz0iaHR0cDovL3d3dy53My5vcmcvMjAwMC9zdmciPjwvc3ZnPg==\" style=\"--smush-placeholder-width: 1241px; --smush-placeholder-aspect-ratio: 1241\/886;\" \/> <img decoding=\"async\" class=\"alignnone size-full wp-image-671 lazyload\" data-src=\"https:\/\/ubanews.com\/site\/wp-content\/uploads\/2018\/03\/9-7.jpg\" alt=\"\" width=\"1241\" height=\"886\" data-srcset=\"https:\/\/ubanews.com\/site\/wp-content\/uploads\/2018\/03\/9-7.jpg 800w, https:\/\/ubanews.com\/site\/wp-content\/uploads\/2018\/03\/9-7-300x214.jpg 300w, https:\/\/ubanews.com\/site\/wp-content\/uploads\/2018\/03\/9-7-768x548.jpg 768w, https:\/\/ubanews.com\/site\/wp-content\/uploads\/2018\/03\/9-7-1024x731.jpg 1024w\" data-sizes=\"(max-width: 1241px) 100vw, 1241px\" src=\"data:image\/svg+xml;base64,PHN2ZyB3aWR0aD0iMSIgaGVpZ2h0PSIxIiB4bWxucz0iaHR0cDovL3d3dy53My5vcmcvMjAwMC9zdmciPjwvc3ZnPg==\" style=\"--smush-placeholder-width: 1241px; --smush-placeholder-aspect-ratio: 1241\/886;\" \/> <img decoding=\"async\" class=\"alignnone size-full wp-image-672 lazyload\" data-src=\"https:\/\/ubanews.com\/site\/wp-content\/uploads\/2018\/03\/10-5.jpg\" alt=\"\" width=\"1241\" height=\"886\" data-srcset=\"https:\/\/ubanews.com\/site\/wp-content\/uploads\/2018\/03\/10-5.jpg 800w, https:\/\/ubanews.com\/site\/wp-content\/uploads\/2018\/03\/10-5-300x214.jpg 300w, https:\/\/ubanews.com\/site\/wp-content\/uploads\/2018\/03\/10-5-768x548.jpg 768w, https:\/\/ubanews.com\/site\/wp-content\/uploads\/2018\/03\/10-5-1024x731.jpg 1024w\" data-sizes=\"(max-width: 1241px) 100vw, 1241px\" src=\"data:image\/svg+xml;base64,PHN2ZyB3aWR0aD0iMSIgaGVpZ2h0PSIxIiB4bWxucz0iaHR0cDovL3d3dy53My5vcmcvMjAwMC9zdmciPjwvc3ZnPg==\" style=\"--smush-placeholder-width: 1241px; --smush-placeholder-aspect-ratio: 1241\/886;\" \/> <img decoding=\"async\" class=\"alignnone size-full wp-image-673 lazyload\" data-src=\"https:\/\/ubanews.com\/site\/wp-content\/uploads\/2018\/03\/11-5.jpg\" alt=\"\" width=\"1241\" height=\"886\" data-srcset=\"https:\/\/ubanews.com\/site\/wp-content\/uploads\/2018\/03\/11-5.jpg 800w, https:\/\/ubanews.com\/site\/wp-content\/uploads\/2018\/03\/11-5-300x214.jpg 300w, https:\/\/ubanews.com\/site\/wp-content\/uploads\/2018\/03\/11-5-768x548.jpg 768w, https:\/\/ubanews.com\/site\/wp-content\/uploads\/2018\/03\/11-5-1024x731.jpg 1024w\" data-sizes=\"(max-width: 1241px) 100vw, 1241px\" src=\"data:image\/svg+xml;base64,PHN2ZyB3aWR0aD0iMSIgaGVpZ2h0PSIxIiB4bWxucz0iaHR0cDovL3d3dy53My5vcmcvMjAwMC9zdmciPjwvc3ZnPg==\" style=\"--smush-placeholder-width: 1241px; --smush-placeholder-aspect-ratio: 1241\/886;\" \/><\/p>\n","protected":false},"excerpt":{"rendered":"","protected":false},"author":2,"featured_media":0,"parent":0,"menu_order":0,"comment_status":"closed","ping_status":"closed","template":"","meta":{"footnotes":""},"class_list":["post-662","page","type-page","status-publish","hentry"],"yoast_head":"<!-- This site is optimized with the Yoast SEO plugin v27.2 - https:\/\/yoast.com\/product\/yoast-seo-wordpress\/ -->\n<title>Hor\u00e1rio de \u00d4nibus - Ub\u00e1 News<\/title>\n<meta name=\"robots\" content=\"index, follow, max-snippet:-1, max-image-preview:large, max-video-preview:-1\" \/>\n<link rel=\"canonical\" href=\"https:\/\/ubanews.com\/site\/horario-de-onibus\/\" \/>\n<meta property=\"og:locale\" content=\"pt_BR\" \/>\n<meta property=\"og:type\" content=\"article\" \/>\n<meta property=\"og:title\" content=\"Hor\u00e1rio de \u00d4nibus - Ub\u00e1 News\" \/>\n<meta property=\"og:url\" content=\"https:\/\/ubanews.com\/site\/horario-de-onibus\/\" \/>\n<meta property=\"og:site_name\" content=\"Ub\u00e1 News\" \/>\n<meta property=\"article:publisher\" content=\"https:\/\/www.facebook.com\/Ub%c3%a1News-Carlos-Roberto-Sodr%c3%a9-418778301977370\" \/>\n<meta property=\"og:image\" content=\"http:\/\/ubanews.com\/site\/wp-content\/uploads\/2018\/03\/1-14.jpg\" \/>\n<meta name=\"twitter:card\" content=\"summary_large_image\" \/>\n<script type=\"application\/ld+json\" class=\"yoast-schema-graph\">{\"@context\":\"https:\/\/schema.org\",\"@graph\":[{\"@type\":\"WebPage\",\"@id\":\"https:\/\/ubanews.com\/site\/horario-de-onibus\/\",\"url\":\"https:\/\/ubanews.com\/site\/horario-de-onibus\/\",\"name\":\"Hor\u00e1rio de \u00d4nibus - Ub\u00e1 News\",\"isPartOf\":{\"@id\":\"https:\/\/ubanews.com\/site\/#website\"},\"primaryImageOfPage\":{\"@id\":\"https:\/\/ubanews.com\/site\/horario-de-onibus\/#primaryimage\"},\"image\":{\"@id\":\"https:\/\/ubanews.com\/site\/horario-de-onibus\/#primaryimage\"},\"thumbnailUrl\":\"http:\/\/ubanews.com\/site\/wp-content\/uploads\/2018\/03\/1-14.jpg\",\"datePublished\":\"2018-03-09T20:08:20+00:00\",\"breadcrumb\":{\"@id\":\"https:\/\/ubanews.com\/site\/horario-de-onibus\/#breadcrumb\"},\"inLanguage\":\"pt-BR\",\"potentialAction\":[{\"@type\":\"ReadAction\",\"target\":[\"https:\/\/ubanews.com\/site\/horario-de-onibus\/\"]}]},{\"@type\":\"ImageObject\",\"inLanguage\":\"pt-BR\",\"@id\":\"https:\/\/ubanews.com\/site\/horario-de-onibus\/#primaryimage\",\"url\":\"https:\/\/ubanews.com\/site\/wp-content\/uploads\/2018\/03\/1-14.jpg\",\"contentUrl\":\"https:\/\/ubanews.com\/site\/wp-content\/uploads\/2018\/03\/1-14.jpg\",\"width\":800,\"height\":571},{\"@type\":\"BreadcrumbList\",\"@id\":\"https:\/\/ubanews.com\/site\/horario-de-onibus\/#breadcrumb\",\"itemListElement\":[{\"@type\":\"ListItem\",\"position\":1,\"name\":\"Home\",\"item\":\"https:\/\/ubanews.com\/site\/\"},{\"@type\":\"ListItem\",\"position\":2,\"name\":\"Hor\u00e1rio de \u00d4nibus\"}]},{\"@type\":\"WebSite\",\"@id\":\"https:\/\/ubanews.com\/site\/#website\",\"url\":\"https:\/\/ubanews.com\/site\/\",\"name\":\"Ub\u00e1 News\",\"description\":\"\",\"publisher\":{\"@id\":\"https:\/\/ubanews.com\/site\/#organization\"},\"potentialAction\":[{\"@type\":\"SearchAction\",\"target\":{\"@type\":\"EntryPoint\",\"urlTemplate\":\"https:\/\/ubanews.com\/site\/?s={search_term_string}\"},\"query-input\":{\"@type\":\"PropertyValueSpecification\",\"valueRequired\":true,\"valueName\":\"search_term_string\"}}],\"inLanguage\":\"pt-BR\"},{\"@type\":\"Organization\",\"@id\":\"https:\/\/ubanews.com\/site\/#organization\",\"name\":\"Ub\u00e1 News\",\"url\":\"https:\/\/ubanews.com\/site\/\",\"logo\":{\"@type\":\"ImageObject\",\"inLanguage\":\"pt-BR\",\"@id\":\"https:\/\/ubanews.com\/site\/#\/schema\/logo\/image\/\",\"url\":\"https:\/\/ubanews.com\/site\/wp-content\/uploads\/2018\/01\/logoubanews.png\",\"contentUrl\":\"https:\/\/ubanews.com\/site\/wp-content\/uploads\/2018\/01\/logoubanews.png\",\"width\":261,\"height\":99,\"caption\":\"Ub\u00e1 News\"},\"image\":{\"@id\":\"https:\/\/ubanews.com\/site\/#\/schema\/logo\/image\/\"},\"sameAs\":[\"https:\/\/www.facebook.com\/Ub\u00e1News-Carlos-Roberto-Sodr\u00e9-418778301977370\"]}]}<\/script>\n<!-- \/ Yoast SEO plugin. -->","yoast_head_json":{"title":"Hor\u00e1rio de \u00d4nibus - Ub\u00e1 News","robots":{"index":"index","follow":"follow","max-snippet":"max-snippet:-1","max-image-preview":"max-image-preview:large","max-video-preview":"max-video-preview:-1"},"canonical":"https:\/\/ubanews.com\/site\/horario-de-onibus\/","og_locale":"pt_BR","og_type":"article","og_title":"Hor\u00e1rio de \u00d4nibus - Ub\u00e1 News","og_url":"https:\/\/ubanews.com\/site\/horario-de-onibus\/","og_site_name":"Ub\u00e1 News","article_publisher":"https:\/\/www.facebook.com\/Ub%c3%a1News-Carlos-Roberto-Sodr%c3%a9-418778301977370","og_image":[{"url":"http:\/\/ubanews.com\/site\/wp-content\/uploads\/2018\/03\/1-14.jpg","type":"","width":"","height":""}],"twitter_card":"summary_large_image","schema":{"@context":"https:\/\/schema.org","@graph":[{"@type":"WebPage","@id":"https:\/\/ubanews.com\/site\/horario-de-onibus\/","url":"https:\/\/ubanews.com\/site\/horario-de-onibus\/","name":"Hor\u00e1rio de \u00d4nibus - Ub\u00e1 News","isPartOf":{"@id":"https:\/\/ubanews.com\/site\/#website"},"primaryImageOfPage":{"@id":"https:\/\/ubanews.com\/site\/horario-de-onibus\/#primaryimage"},"image":{"@id":"https:\/\/ubanews.com\/site\/horario-de-onibus\/#primaryimage"},"thumbnailUrl":"http:\/\/ubanews.com\/site\/wp-content\/uploads\/2018\/03\/1-14.jpg","datePublished":"2018-03-09T20:08:20+00:00","breadcrumb":{"@id":"https:\/\/ubanews.com\/site\/horario-de-onibus\/#breadcrumb"},"inLanguage":"pt-BR","potentialAction":[{"@type":"ReadAction","target":["https:\/\/ubanews.com\/site\/horario-de-onibus\/"]}]},{"@type":"ImageObject","inLanguage":"pt-BR","@id":"https:\/\/ubanews.com\/site\/horario-de-onibus\/#primaryimage","url":"https:\/\/ubanews.com\/site\/wp-content\/uploads\/2018\/03\/1-14.jpg","contentUrl":"https:\/\/ubanews.com\/site\/wp-content\/uploads\/2018\/03\/1-14.jpg","width":800,"height":571},{"@type":"BreadcrumbList","@id":"https:\/\/ubanews.com\/site\/horario-de-onibus\/#breadcrumb","itemListElement":[{"@type":"ListItem","position":1,"name":"Home","item":"https:\/\/ubanews.com\/site\/"},{"@type":"ListItem","position":2,"name":"Hor\u00e1rio de \u00d4nibus"}]},{"@type":"WebSite","@id":"https:\/\/ubanews.com\/site\/#website","url":"https:\/\/ubanews.com\/site\/","name":"Ub\u00e1 News","description":"","publisher":{"@id":"https:\/\/ubanews.com\/site\/#organization"},"potentialAction":[{"@type":"SearchAction","target":{"@type":"EntryPoint","urlTemplate":"https:\/\/ubanews.com\/site\/?s={search_term_string}"},"query-input":{"@type":"PropertyValueSpecification","valueRequired":true,"valueName":"search_term_string"}}],"inLanguage":"pt-BR"},{"@type":"Organization","@id":"https:\/\/ubanews.com\/site\/#organization","name":"Ub\u00e1 News","url":"https:\/\/ubanews.com\/site\/","logo":{"@type":"ImageObject","inLanguage":"pt-BR","@id":"https:\/\/ubanews.com\/site\/#\/schema\/logo\/image\/","url":"https:\/\/ubanews.com\/site\/wp-content\/uploads\/2018\/01\/logoubanews.png","contentUrl":"https:\/\/ubanews.com\/site\/wp-content\/uploads\/2018\/01\/logoubanews.png","width":261,"height":99,"caption":"Ub\u00e1 News"},"image":{"@id":"https:\/\/ubanews.com\/site\/#\/schema\/logo\/image\/"},"sameAs":["https:\/\/www.facebook.com\/Ub\u00e1News-Carlos-Roberto-Sodr\u00e9-418778301977370"]}]}},"_links":{"self":[{"href":"https:\/\/ubanews.com\/site\/wp-json\/wp\/v2\/pages\/662","targetHints":{"allow":["GET"]}}],"collection":[{"href":"https:\/\/ubanews.com\/site\/wp-json\/wp\/v2\/pages"}],"about":[{"href":"https:\/\/ubanews.com\/site\/wp-json\/wp\/v2\/types\/page"}],"author":[{"embeddable":true,"href":"https:\/\/ubanews.com\/site\/wp-json\/wp\/v2\/users\/2"}],"replies":[{"embeddable":true,"href":"https:\/\/ubanews.com\/site\/wp-json\/wp\/v2\/comments?post=662"}],"version-history":[{"count":0,"href":"https:\/\/ubanews.com\/site\/wp-json\/wp\/v2\/pages\/662\/revisions"}],"wp:attachment":[{"href":"https:\/\/ubanews.com\/site\/wp-json\/wp\/v2\/media?parent=662"}],"curies":[{"name":"wp","href":"https:\/\/api.w.org\/{rel}","templated":true}]}}