{"id":6119,"date":"2018-08-02T19:01:29","date_gmt":"2018-08-02T22:01:29","guid":{"rendered":"http:\/\/ubanews.com\/site\/?page_id=6119"},"modified":"2022-06-29T14:19:20","modified_gmt":"2022-06-29T17:19:20","slug":"anuncie-no-uba-news","status":"publish","type":"page","link":"https:\/\/ubanews.com\/site\/anuncie-no-uba-news\/","title":{"rendered":"Anuncie"},"content":{"rendered":"<p>O Site Ub\u00e1 News conta atualmente com crescimento constante de visitas (visualiza\u00e7\u00f5es), segundo dados do Google Analytics (comprovados atrav\u00e9s de relat\u00f3rios).&nbsp;Com esta expressiva visita\u00e7\u00e3o, estamos nos tornando hoje um meio para anunciar seu site ou empresa, seja qual for seu p\u00fablico alvo.&nbsp;Nossas principais visitas s\u00e3o provenientes da regi\u00e3o de Ub\u00e1.<\/p>\n<p>Criado em 2013, tem o prop\u00f3sito de levar informa\u00e7\u00f5es a mais 113.000 habitantes de Ub\u00e1 e regi\u00e3o. \u00c9 um site que funciona como distribuidor de conte\u00fado e not\u00edcias que atende vari\u00e1veis pessoas com personalidades e idades diferentes, ou seja, \u00e9 a porta de entrada para conhecimento de informa\u00e7\u00f5es de nosso interesse. Uma poderosa ferramenta de consulta, entretenimento e divulga\u00e7\u00e3o. Tudo para que quem navegue pelo site possa buscar e encontrar servi\u00e7os de maneira r\u00e1pida e pr\u00e1tica. O Portal tem o objetivo de apresentar uma p\u00e1gina limpa e organizada, sem muitas complica\u00e7\u00f5es para os internautas e n\u00e3o esquecendo da censura de 12 anos. Assim que abrir o site, ver\u00e1 uma reprodu\u00e7\u00e3o de destaques onde as postagens transitam para chamar mais a aten\u00e7\u00e3o do internauta. E contar\u00e1 tamb\u00e9m com colunistas que escrever\u00e3o sobre os mais variados assuntos, de moda \u00e0 educa\u00e7\u00e3o; de sa\u00fade \u00e0 tecnologia.<\/p>\n<p>O <strong>Banner superior (800&#215;100 pixels)&nbsp;<\/strong>\u00e9 uma janela extra que \u00e9 aberta no navegador do internauta ao acessar o portal. Esta janela torna-se um espa\u00e7o de grande visibilidade para expor sua marca para o usu\u00e1rio do nosso portal, que, durante um acesso passar\u00e1 a conhecer o seu neg\u00f3cio em primeira m\u00e3o. E basta um clique para que ele seja redirecionado diretamente para o seu site. Neste espa\u00e7o n\u00e3o haver\u00e1 outras marcas de sua concorr\u00eancia.<\/p>\n<p>O <strong>Banner lateral (300&#215;150 pixels)<\/strong>, oferece ao usu\u00e1rio uma r\u00e1pida divulga\u00e7\u00e3o do servi\u00e7o por meio de uma pequena imagem, normalmente contendo o logotipo da empresa anunciante. Assim, sua \u00e1rea de localiza\u00e7\u00e3o abrange todas as se\u00e7\u00f5es do portal e, ao clicar sobre a imagem, o usu\u00e1rio \u00e9 conduzido para o site do cliente.<\/p>\n<p>O <strong>Banner simples (300&#215;150 pixels)<\/strong>, possibilita divulgar a sua marca numa forma de ser parceiro com os demais companheiros e podendo ficar mais vis\u00edvel. O banner ficar\u00e1 em rotatividade infinitamente entre outras marcas, n\u00e3o sendo de empresas\/trabalho de mesma classe, ficar\u00e1 na tela por tr\u00eas segundos e com m\u00e1ximo quatro parceiros.<\/p>\n<p><strong>Feed de Not\u00edcias<\/strong> \u00e9 a possibilidade de divulgar o seu anuncio no interior do site (junto com as not\u00edcias) sendo conveniente para aqueles que t\u00eam poucas postagens para anunciar dentro de 30 (trinta) dias, e com os mesmos benef\u00edcios de uma not\u00edcia como: texto, foto e v\u00eddeo.<\/p>\n<p><strong>BENEF\u00cdCIOS <\/strong><\/p>\n<ol>\n<li>Quem anuncia no Ub\u00e1 News desfruta de uma s\u00e9rie de benef\u00edcios: colocar no seu an\u00fancio um link para o seu site, aparecer\u00e1 em todas as p\u00e1ginas quando abrir as not\u00edcias ou postagens. A manuten\u00e7\u00e3o \u00e9 muito r\u00e1pido e simples, n\u00e3o custa nada e pode ser feito a qualquer momento.<\/li>\n<li>Al\u00e9m de colocar a sua empresa no Ub\u00e1 News, voc\u00ea pode divulgar promo\u00e7\u00f5es, descontos e brindes em an\u00fancios oferecidos no nosso portal.<\/li>\n<li>O cliente tem direito a modifica\u00e7\u00f5es na arte de seu an\u00fancio sem custos adicionais.<\/li>\n<li>Os banners no topo e lateral oferece an\u00fancio online semanal, \u00e9 uma interessante e eficaz forma de aparecer em nossas postagens de servi\u00e7os com prop\u00f3sito de divulgar o servi\u00e7o, produto e\/ou promo\u00e7\u00e3o, ou tamb\u00e9m, falar o nome do seu trabalho\/empresa sempre vir a resultados positivos.<\/li>\n<li>Ao clicar sobre a postagem, o usu\u00e1rio \u00e9 conduzido para a p\u00e1gina onde poder\u00e1 ver os detalhes oferecidos pelo cliente. \u00c9 exatamente ali que o seu neg\u00f3cio aparecer\u00e1 em forma de texto e com a possibilidade de incluir imagens ou v\u00eddeos, acrescentando mais informa\u00e7\u00f5es.<\/li>\n<\/ol>\n<p><strong><em>Para aqueles que est\u00e3o querendo anunciar na p\u00e1gina, a oferta \u00e9 tentadora. Voc\u00ea fica duplamente satisfeito!<\/em><\/strong><\/p>\n<p>Entre em contato conosco pelo telefone 32 998271363 para mais informa\u00e7\u00f5es ou no e-mail ubanewsmg@gmail.com<\/p>\n","protected":false},"excerpt":{"rendered":"<p>O Site Ub\u00e1 News conta atualmente com crescimento constante de<\/p>\n","protected":false},"author":2,"featured_media":0,"parent":0,"menu_order":0,"comment_status":"closed","ping_status":"closed","template":"","meta":{"footnotes":""},"class_list":["post-6119","page","type-page","status-publish","hentry"],"yoast_head":"<!-- This site is optimized with the Yoast SEO plugin v27.2 - https:\/\/yoast.com\/product\/yoast-seo-wordpress\/ -->\n<title>Anuncie - Ub\u00e1 News<\/title>\n<meta name=\"robots\" content=\"index, follow, max-snippet:-1, max-image-preview:large, max-video-preview:-1\" \/>\n<link rel=\"canonical\" href=\"https:\/\/ubanews.com\/site\/anuncie-no-uba-news\/\" \/>\n<meta property=\"og:locale\" content=\"pt_BR\" \/>\n<meta property=\"og:type\" content=\"article\" \/>\n<meta property=\"og:title\" content=\"Anuncie - Ub\u00e1 News\" \/>\n<meta property=\"og:description\" content=\"O Site Ub\u00e1 News conta atualmente com crescimento constante de\" \/>\n<meta property=\"og:url\" content=\"https:\/\/ubanews.com\/site\/anuncie-no-uba-news\/\" \/>\n<meta property=\"og:site_name\" content=\"Ub\u00e1 News\" \/>\n<meta property=\"article:publisher\" content=\"https:\/\/www.facebook.com\/Ub%c3%a1News-Carlos-Roberto-Sodr%c3%a9-418778301977370\" \/>\n<meta property=\"article:modified_time\" content=\"2022-06-29T17:19:20+00:00\" \/>\n<meta name=\"twitter:card\" content=\"summary_large_image\" \/>\n<meta name=\"twitter:label1\" content=\"Est. tempo de leitura\" \/>\n\t<meta name=\"twitter:data1\" content=\"3 minutos\" \/>\n<script type=\"application\/ld+json\" class=\"yoast-schema-graph\">{\"@context\":\"https:\/\/schema.org\",\"@graph\":[{\"@type\":\"WebPage\",\"@id\":\"https:\/\/ubanews.com\/site\/anuncie-no-uba-news\/\",\"url\":\"https:\/\/ubanews.com\/site\/anuncie-no-uba-news\/\",\"name\":\"Anuncie - Ub\u00e1 News\",\"isPartOf\":{\"@id\":\"https:\/\/ubanews.com\/site\/#website\"},\"datePublished\":\"2018-08-02T22:01:29+00:00\",\"dateModified\":\"2022-06-29T17:19:20+00:00\",\"breadcrumb\":{\"@id\":\"https:\/\/ubanews.com\/site\/anuncie-no-uba-news\/#breadcrumb\"},\"inLanguage\":\"pt-BR\",\"potentialAction\":[{\"@type\":\"ReadAction\",\"target\":[\"https:\/\/ubanews.com\/site\/anuncie-no-uba-news\/\"]}]},{\"@type\":\"BreadcrumbList\",\"@id\":\"https:\/\/ubanews.com\/site\/anuncie-no-uba-news\/#breadcrumb\",\"itemListElement\":[{\"@type\":\"ListItem\",\"position\":1,\"name\":\"Home\",\"item\":\"https:\/\/ubanews.com\/site\/\"},{\"@type\":\"ListItem\",\"position\":2,\"name\":\"Anuncie\"}]},{\"@type\":\"WebSite\",\"@id\":\"https:\/\/ubanews.com\/site\/#website\",\"url\":\"https:\/\/ubanews.com\/site\/\",\"name\":\"Ub\u00e1 News\",\"description\":\"\",\"publisher\":{\"@id\":\"https:\/\/ubanews.com\/site\/#organization\"},\"potentialAction\":[{\"@type\":\"SearchAction\",\"target\":{\"@type\":\"EntryPoint\",\"urlTemplate\":\"https:\/\/ubanews.com\/site\/?s={search_term_string}\"},\"query-input\":{\"@type\":\"PropertyValueSpecification\",\"valueRequired\":true,\"valueName\":\"search_term_string\"}}],\"inLanguage\":\"pt-BR\"},{\"@type\":\"Organization\",\"@id\":\"https:\/\/ubanews.com\/site\/#organization\",\"name\":\"Ub\u00e1 News\",\"url\":\"https:\/\/ubanews.com\/site\/\",\"logo\":{\"@type\":\"ImageObject\",\"inLanguage\":\"pt-BR\",\"@id\":\"https:\/\/ubanews.com\/site\/#\/schema\/logo\/image\/\",\"url\":\"https:\/\/ubanews.com\/site\/wp-content\/uploads\/2018\/01\/logoubanews.png\",\"contentUrl\":\"https:\/\/ubanews.com\/site\/wp-content\/uploads\/2018\/01\/logoubanews.png\",\"width\":261,\"height\":99,\"caption\":\"Ub\u00e1 News\"},\"image\":{\"@id\":\"https:\/\/ubanews.com\/site\/#\/schema\/logo\/image\/\"},\"sameAs\":[\"https:\/\/www.facebook.com\/Ub\u00e1News-Carlos-Roberto-Sodr\u00e9-418778301977370\"]}]}<\/script>\n<!-- \/ Yoast SEO plugin. -->","yoast_head_json":{"title":"Anuncie - Ub\u00e1 News","robots":{"index":"index","follow":"follow","max-snippet":"max-snippet:-1","max-image-preview":"max-image-preview:large","max-video-preview":"max-video-preview:-1"},"canonical":"https:\/\/ubanews.com\/site\/anuncie-no-uba-news\/","og_locale":"pt_BR","og_type":"article","og_title":"Anuncie - Ub\u00e1 News","og_description":"O Site Ub\u00e1 News conta atualmente com crescimento constante de","og_url":"https:\/\/ubanews.com\/site\/anuncie-no-uba-news\/","og_site_name":"Ub\u00e1 News","article_publisher":"https:\/\/www.facebook.com\/Ub%c3%a1News-Carlos-Roberto-Sodr%c3%a9-418778301977370","article_modified_time":"2022-06-29T17:19:20+00:00","twitter_card":"summary_large_image","twitter_misc":{"Est. tempo de leitura":"3 minutos"},"schema":{"@context":"https:\/\/schema.org","@graph":[{"@type":"WebPage","@id":"https:\/\/ubanews.com\/site\/anuncie-no-uba-news\/","url":"https:\/\/ubanews.com\/site\/anuncie-no-uba-news\/","name":"Anuncie - Ub\u00e1 News","isPartOf":{"@id":"https:\/\/ubanews.com\/site\/#website"},"datePublished":"2018-08-02T22:01:29+00:00","dateModified":"2022-06-29T17:19:20+00:00","breadcrumb":{"@id":"https:\/\/ubanews.com\/site\/anuncie-no-uba-news\/#breadcrumb"},"inLanguage":"pt-BR","potentialAction":[{"@type":"ReadAction","target":["https:\/\/ubanews.com\/site\/anuncie-no-uba-news\/"]}]},{"@type":"BreadcrumbList","@id":"https:\/\/ubanews.com\/site\/anuncie-no-uba-news\/#breadcrumb","itemListElement":[{"@type":"ListItem","position":1,"name":"Home","item":"https:\/\/ubanews.com\/site\/"},{"@type":"ListItem","position":2,"name":"Anuncie"}]},{"@type":"WebSite","@id":"https:\/\/ubanews.com\/site\/#website","url":"https:\/\/ubanews.com\/site\/","name":"Ub\u00e1 News","description":"","publisher":{"@id":"https:\/\/ubanews.com\/site\/#organization"},"potentialAction":[{"@type":"SearchAction","target":{"@type":"EntryPoint","urlTemplate":"https:\/\/ubanews.com\/site\/?s={search_term_string}"},"query-input":{"@type":"PropertyValueSpecification","valueRequired":true,"valueName":"search_term_string"}}],"inLanguage":"pt-BR"},{"@type":"Organization","@id":"https:\/\/ubanews.com\/site\/#organization","name":"Ub\u00e1 News","url":"https:\/\/ubanews.com\/site\/","logo":{"@type":"ImageObject","inLanguage":"pt-BR","@id":"https:\/\/ubanews.com\/site\/#\/schema\/logo\/image\/","url":"https:\/\/ubanews.com\/site\/wp-content\/uploads\/2018\/01\/logoubanews.png","contentUrl":"https:\/\/ubanews.com\/site\/wp-content\/uploads\/2018\/01\/logoubanews.png","width":261,"height":99,"caption":"Ub\u00e1 News"},"image":{"@id":"https:\/\/ubanews.com\/site\/#\/schema\/logo\/image\/"},"sameAs":["https:\/\/www.facebook.com\/Ub\u00e1News-Carlos-Roberto-Sodr\u00e9-418778301977370"]}]}},"_links":{"self":[{"href":"https:\/\/ubanews.com\/site\/wp-json\/wp\/v2\/pages\/6119","targetHints":{"allow":["GET"]}}],"collection":[{"href":"https:\/\/ubanews.com\/site\/wp-json\/wp\/v2\/pages"}],"about":[{"href":"https:\/\/ubanews.com\/site\/wp-json\/wp\/v2\/types\/page"}],"author":[{"embeddable":true,"href":"https:\/\/ubanews.com\/site\/wp-json\/wp\/v2\/users\/2"}],"replies":[{"embeddable":true,"href":"https:\/\/ubanews.com\/site\/wp-json\/wp\/v2\/comments?post=6119"}],"version-history":[{"count":0,"href":"https:\/\/ubanews.com\/site\/wp-json\/wp\/v2\/pages\/6119\/revisions"}],"wp:attachment":[{"href":"https:\/\/ubanews.com\/site\/wp-json\/wp\/v2\/media?parent=6119"}],"curies":[{"name":"wp","href":"https:\/\/api.w.org\/{rel}","templated":true}]}}